{"id":240,"date":"2022-01-12T19:47:52","date_gmt":"2022-01-12T19:47:52","guid":{"rendered":"https:\/\/feldenkrais-tompkin.ch\/de\/?page_id=240"},"modified":"2024-03-05T14:32:58","modified_gmt":"2024-03-05T14:32:58","slug":"allgemein","status":"publish","type":"page","link":"https:\/\/feldenkrais-tompkin.ch\/de\/allgemein\/","title":{"rendered":"Allgemein"},"content":{"rendered":"\t\t<div data-elementor-type=\"wp-page\" data-elementor-id=\"240\" class=\"elementor elementor-240\" data-elementor-post-type=\"page\">\n\t\t\t\t\t\t<section class=\"elementor-section elementor-top-section elementor-element elementor-element-e9b079b elementor-section-boxed elementor-section-height-default elementor-section-height-default\" data-id=\"e9b079b\" data-element_type=\"section\" data-e-type=\"section\">\n\t\t\t\t\t\t<div class=\"elementor-container elementor-column-gap-default\">\n\t\t\t\t\t<div class=\"elementor-column elementor-col-100 elementor-top-column elementor-element elementor-element-1858ef4\" data-id=\"1858ef4\" data-element_type=\"column\" data-e-type=\"column\">\n\t\t\t<div class=\"elementor-widget-wrap elementor-element-populated\">\n\t\t\t\t\t\t<div class=\"elementor-element elementor-element-c299f6b elementor-invisible elementor-widget elementor-widget-heading\" data-id=\"c299f6b\" data-element_type=\"widget\" data-e-type=\"widget\" data-settings=\"{&quot;_animation&quot;:&quot;fadeInLeft&quot;}\" data-widget_type=\"heading.default\">\n\t\t\t\t<div class=\"elementor-widget-container\">\n\t\t\t\t\t<h2 class=\"elementor-heading-title elementor-size-default\">Feldenkrais\u00ae - Lektionen<\/h2>\t\t\t\t<\/div>\n\t\t\t\t<\/div>\n\t\t\t\t\t<\/div>\n\t\t<\/div>\n\t\t\t\t\t<\/div>\n\t\t<\/section>\n\t\t\t\t<section class=\"elementor-section elementor-top-section elementor-element elementor-element-f4dd598 elementor-section-boxed elementor-section-height-default elementor-section-height-default elementor-invisible\" data-id=\"f4dd598\" data-element_type=\"section\" data-e-type=\"section\" data-settings=\"{&quot;background_background&quot;:&quot;classic&quot;,&quot;animation&quot;:&quot;fadeInRight&quot;}\">\n\t\t\t\t\t\t<div class=\"elementor-container elementor-column-gap-default\">\n\t\t\t\t\t<div class=\"elementor-column elementor-col-50 elementor-top-column elementor-element elementor-element-e0f1258\" data-id=\"e0f1258\" data-element_type=\"column\" data-e-type=\"column\">\n\t\t\t<div class=\"elementor-widget-wrap elementor-element-populated\">\n\t\t\t\t\t\t<div class=\"elementor-element elementor-element-9561b50 elementor-widget elementor-widget-heading\" data-id=\"9561b50\" data-element_type=\"widget\" data-e-type=\"widget\" data-widget_type=\"heading.default\">\n\t\t\t\t<div class=\"elementor-widget-container\">\n\t\t\t\t\t<h2 class=\"elementor-heading-title elementor-size-default\">ein Lernprozess<\/h2>\t\t\t\t<\/div>\n\t\t\t\t<\/div>\n\t\t\t\t<div class=\"elementor-element elementor-element-225264a elementor-widget elementor-widget-text-editor\" data-id=\"225264a\" data-element_type=\"widget\" data-e-type=\"widget\" data-widget_type=\"text-editor.default\">\n\t\t\t\t<div class=\"elementor-widget-container\">\n\t\t\t\t\t\t\t\t\t<p>\u00abBewegung ist Leben. Das Leben ist ein Prozess. Verbessere die Qualit\u00e4t des Prozesses und du wirst deine Lebensqualit\u00e4t verbessern.\u00bb<\/p><p>Mosh\u00e9 Feldenkrais<\/p><p>\u00a0<\/p><p>&#8220; .. das Unm\u00f6gliche m\u00f6glich machen,<\/p><p>das M\u00f6gliche leicht,<\/p><p>und das Leichte elegant.&#8220;<\/p><p>Mosh\u00e9 Feldenkrais<\/p><p>\u00a0<\/p><p>\u00a0<\/p>\t\t\t\t\t\t\t\t<\/div>\n\t\t\t\t<\/div>\n\t\t\t\t\t<\/div>\n\t\t<\/div>\n\t\t\t\t<div class=\"elementor-column elementor-col-50 elementor-top-column elementor-element elementor-element-9ee8845\" data-id=\"9ee8845\" data-element_type=\"column\" data-e-type=\"column\" data-settings=\"{&quot;background_background&quot;:&quot;classic&quot;}\">\n\t\t\t<div class=\"elementor-widget-wrap elementor-element-populated\">\n\t\t\t\t\t\t<div class=\"elementor-element elementor-element-377c0f1 elementor-widget elementor-widget-image\" data-id=\"377c0f1\" data-element_type=\"widget\" data-e-type=\"widget\" data-widget_type=\"image.default\">\n\t\t\t\t<div class=\"elementor-widget-container\">\n\t\t\t\t\t\t\t\t\t\t\t\t\t\t\t\t<a href=\"https:\/\/feldenkrais-tompkin.ch\/de\/wp-content\/uploads\/2022\/01\/slider_1.jpg\" data-elementor-open-lightbox=\"yes\" data-elementor-lightbox-title=\"slider_1\" data-e-action-hash=\"#elementor-action%3Aaction%3Dlightbox%26settings%3DeyJpZCI6MTUsInVybCI6Imh0dHBzOlwvXC9mZWxkZW5rcmFpcy10b21wa2luLmNoXC9kZVwvd3AtY29udGVudFwvdXBsb2Fkc1wvMjAyMlwvMDFcL3NsaWRlcl8xLmpwZyJ9\">\n\t\t\t\t\t\t\t<img fetchpriority=\"high\" decoding=\"async\" width=\"800\" height=\"502\" src=\"https:\/\/feldenkrais-tompkin.ch\/de\/wp-content\/uploads\/2022\/01\/slider_1-1024x642.jpg\" class=\"attachment-large size-large wp-image-15\" alt=\"\" srcset=\"https:\/\/feldenkrais-tompkin.ch\/de\/wp-content\/uploads\/2022\/01\/slider_1-1024x642.jpg 1024w, https:\/\/feldenkrais-tompkin.ch\/de\/wp-content\/uploads\/2022\/01\/slider_1-300x188.jpg 300w, https:\/\/feldenkrais-tompkin.ch\/de\/wp-content\/uploads\/2022\/01\/slider_1-768x482.jpg 768w, https:\/\/feldenkrais-tompkin.ch\/de\/wp-content\/uploads\/2022\/01\/slider_1-1536x963.jpg 1536w, https:\/\/feldenkrais-tompkin.ch\/de\/wp-content\/uploads\/2022\/01\/slider_1.jpg 1920w\" sizes=\"(max-width: 800px) 100vw, 800px\" \/>\t\t\t\t\t\t\t\t<\/a>\n\t\t\t\t\t\t\t\t\t\t\t\t\t\t\t<\/div>\n\t\t\t\t<\/div>\n\t\t\t\t\t<\/div>\n\t\t<\/div>\n\t\t\t\t\t<\/div>\n\t\t<\/section>\n\t\t\t\t<section class=\"elementor-section elementor-top-section elementor-element elementor-element-a7d714a elementor-section-boxed elementor-section-height-default elementor-section-height-default elementor-invisible\" data-id=\"a7d714a\" data-element_type=\"section\" data-e-type=\"section\" data-settings=\"{&quot;animation&quot;:&quot;fadeInUp&quot;}\">\n\t\t\t\t\t\t<div class=\"elementor-container elementor-column-gap-default\">\n\t\t\t\t\t<div class=\"elementor-column elementor-col-100 elementor-top-column elementor-element elementor-element-54c2f1b\" data-id=\"54c2f1b\" data-element_type=\"column\" data-e-type=\"column\">\n\t\t\t<div class=\"elementor-widget-wrap elementor-element-populated\">\n\t\t\t\t\t\t<div class=\"elementor-element elementor-element-53c3fa5 elementor-widget elementor-widget-heading\" data-id=\"53c3fa5\" data-element_type=\"widget\" data-e-type=\"widget\" data-widget_type=\"heading.default\">\n\t\t\t\t<div class=\"elementor-widget-container\">\n\t\t\t\t\t<h2 class=\"elementor-heading-title elementor-size-default\">Lektionen nach der Feldenkrais Methode \u00ae<\/h2>\t\t\t\t<\/div>\n\t\t\t\t<\/div>\n\t\t\t\t<div class=\"elementor-element elementor-element-4880e06 elementor-widget elementor-widget-text-editor\" data-id=\"4880e06\" data-element_type=\"widget\" data-e-type=\"widget\" data-widget_type=\"text-editor.default\">\n\t\t\t\t<div class=\"elementor-widget-container\">\n\t\t\t\t\t\t\t\t\t<p>Lektionen nach der Feldenkrais Methode \u00ae sind sanft jedoch sehr wirksam. Sie sind f\u00fcr alle Menschen geeignet, M\u00e4nner und Frauen jeden Alters.<\/p><p>Sie erm\u00f6glichen gr\u00f6ssere Flexibilit\u00e4t in Alltagsbewegungen.<\/p><p>Sie unterst\u00fctzen die Erholung nach einem Unfall oder einer Krankheit.<\/p><p>Sie erm\u00f6glichen h\u00f6here Effizienz im Sport.<\/p><p>Sie f\u00fchren zu einem erh\u00f6hten K\u00f6rperbewusstsein, einer verbesserten Stabilit\u00e4t und mehr Kraft.<\/p><p>Bewegungen lassen sich leichter und mit weniger Anstrengung ausf\u00fchren.<\/p>\n<p><a href=\"https:\/\/www.feldenkrais.ch\/feldenkrais-methode\/\" target=\"_blank\" rel=\"noopener\">Feldenkrais Methode \u00ae \u2013 SFV Schweizerischer Feldenkrais Verband<\/a><\/p>\t\t\t\t\t\t\t\t<\/div>\n\t\t\t\t<\/div>\n\t\t\t\t\t<\/div>\n\t\t<\/div>\n\t\t\t\t\t<\/div>\n\t\t<\/section>\n\t\t\t\t<\/div>\n\t\t","protected":false},"excerpt":{"rendered":"<p>Feldenkrais\u00ae &#8211; Lektionen ein Lernprozess \u00abBewegung ist Leben. Das Leben ist ein Prozess. Verbessere die Qualit\u00e4t des Prozesses und du wirst deine Lebensqualit\u00e4t verbessern.\u00bb Mosh\u00e9 Feldenkrais \u00a0 &#8220; .. das Unm\u00f6gliche m\u00f6glich machen, das M\u00f6gliche leicht, und das Leichte elegant.&#8220; Mosh\u00e9 Feldenkrais \u00a0 \u00a0 Lektionen nach der Feldenkrais Methode \u00ae Lektionen nach der Feldenkrais Methode [&hellip;]<\/p>\n","protected":false},"author":1,"featured_media":0,"parent":0,"menu_order":0,"comment_status":"closed","ping_status":"closed","template":"elementor_header_footer","meta":{"rank_math_lock_modified_date":false,"footnotes":""},"class_list":["post-240","page","type-page","status-publish","hentry"],"_links":{"self":[{"href":"https:\/\/feldenkrais-tompkin.ch\/de\/wp-json\/wp\/v2\/pages\/240","targetHints":{"allow":["GET"]}}],"collection":[{"href":"https:\/\/feldenkrais-tompkin.ch\/de\/wp-json\/wp\/v2\/pages"}],"about":[{"href":"https:\/\/feldenkrais-tompkin.ch\/de\/wp-json\/wp\/v2\/types\/page"}],"author":[{"embeddable":true,"href":"https:\/\/feldenkrais-tompkin.ch\/de\/wp-json\/wp\/v2\/users\/1"}],"replies":[{"embeddable":true,"href":"https:\/\/feldenkrais-tompkin.ch\/de\/wp-json\/wp\/v2\/comments?post=240"}],"version-history":[{"count":47,"href":"https:\/\/feldenkrais-tompkin.ch\/de\/wp-json\/wp\/v2\/pages\/240\/revisions"}],"predecessor-version":[{"id":677,"href":"https:\/\/feldenkrais-tompkin.ch\/de\/wp-json\/wp\/v2\/pages\/240\/revisions\/677"}],"wp:attachment":[{"href":"https:\/\/feldenkrais-tompkin.ch\/de\/wp-json\/wp\/v2\/media?parent=240"}],"curies":[{"name":"wp","href":"https:\/\/api.w.org\/{rel}","templated":true}]}}