{"id":311,"date":"2022-01-19T13:31:14","date_gmt":"2022-01-19T13:31:14","guid":{"rendered":"https:\/\/feldenkrais-tompkin.ch\/de\/?page_id=311"},"modified":"2022-01-27T09:16:07","modified_gmt":"2022-01-27T09:16:07","slug":"gruppenlektionen","status":"publish","type":"page","link":"https:\/\/feldenkrais-tompkin.ch\/de\/gruppenlektionen\/","title":{"rendered":"Gruppenlektionen"},"content":{"rendered":"\t\t<div data-elementor-type=\"wp-page\" data-elementor-id=\"311\" class=\"elementor elementor-311\" data-elementor-post-type=\"page\">\n\t\t\t\t\t\t<section class=\"elementor-section elementor-top-section elementor-element elementor-element-1b51e9ac elementor-section-boxed elementor-section-height-default elementor-section-height-default\" data-id=\"1b51e9ac\" data-element_type=\"section\" data-e-type=\"section\">\n\t\t\t\t\t\t<div class=\"elementor-container elementor-column-gap-default\">\n\t\t\t\t\t<div class=\"elementor-column elementor-col-100 elementor-top-column elementor-element elementor-element-16fa2086\" data-id=\"16fa2086\" data-element_type=\"column\" data-e-type=\"column\">\n\t\t\t<div class=\"elementor-widget-wrap elementor-element-populated\">\n\t\t\t\t\t\t<div class=\"elementor-element elementor-element-52122496 elementor-invisible elementor-widget elementor-widget-heading\" data-id=\"52122496\" data-element_type=\"widget\" data-e-type=\"widget\" data-settings=\"{&quot;_animation&quot;:&quot;fadeInLeft&quot;}\" data-widget_type=\"heading.default\">\n\t\t\t\t<div class=\"elementor-widget-container\">\n\t\t\t\t\t<h2 class=\"elementor-heading-title elementor-size-default\">Gruppenlektionen <\/br> Bewusstheit durch Bewegung \u00abAwareness through Movement\u00bb<\/h2>\t\t\t\t<\/div>\n\t\t\t\t<\/div>\n\t\t\t\t\t<\/div>\n\t\t<\/div>\n\t\t\t\t\t<\/div>\n\t\t<\/section>\n\t\t\t\t<section class=\"elementor-section elementor-top-section elementor-element elementor-element-5ea5c151 elementor-section-boxed elementor-section-height-default elementor-section-height-default elementor-invisible\" data-id=\"5ea5c151\" data-element_type=\"section\" data-e-type=\"section\" data-settings=\"{&quot;background_background&quot;:&quot;classic&quot;,&quot;animation&quot;:&quot;fadeInRight&quot;}\">\n\t\t\t\t\t\t<div class=\"elementor-container elementor-column-gap-default\">\n\t\t\t\t\t<div class=\"elementor-column elementor-col-50 elementor-top-column elementor-element elementor-element-20110298\" data-id=\"20110298\" data-element_type=\"column\" data-e-type=\"column\">\n\t\t\t<div class=\"elementor-widget-wrap elementor-element-populated\">\n\t\t\t\t\t\t<div class=\"elementor-element elementor-element-565b9c4a elementor-widget elementor-widget-heading\" data-id=\"565b9c4a\" data-element_type=\"widget\" data-e-type=\"widget\" data-widget_type=\"heading.default\">\n\t\t\t\t<div class=\"elementor-widget-container\">\n\t\t\t\t\t<h2 class=\"elementor-heading-title elementor-size-default\">In den Gruppenlektionen<\/h2>\t\t\t\t<\/div>\n\t\t\t\t<\/div>\n\t\t\t\t<div class=\"elementor-element elementor-element-51f7d252 elementor-widget elementor-widget-text-editor\" data-id=\"51f7d252\" data-element_type=\"widget\" data-e-type=\"widget\" data-widget_type=\"text-editor.default\">\n\t\t\t\t<div class=\"elementor-widget-container\">\n\t\t\t\t\t\t\t\t\tIn den Gruppenlektionen werden Sie verbal zu den Bewegungen nach der Feldenkrais Methode\u00ae angeleitet und auf sensorische Erfahrungen aufmerksam gemacht.\n\nDie Bewegungen werden sanft, klein und langsam und in vielen Variationen ausgef\u00fchrt. So d\u00fcrfen Sie optimierte Bewegungsfl\u00fcsse im K\u00f6rper individuell sp\u00fcren und entwickeln.\t\t\t\t\t\t\t\t<\/div>\n\t\t\t\t<\/div>\n\t\t\t\t\t<\/div>\n\t\t<\/div>\n\t\t\t\t<div class=\"elementor-column elementor-col-50 elementor-top-column elementor-element elementor-element-3be37e40\" data-id=\"3be37e40\" data-element_type=\"column\" data-e-type=\"column\" data-settings=\"{&quot;background_background&quot;:&quot;classic&quot;}\">\n\t\t\t<div class=\"elementor-widget-wrap elementor-element-populated\">\n\t\t\t\t\t\t<div class=\"elementor-element elementor-element-32593fdc elementor-widget elementor-widget-image\" data-id=\"32593fdc\" data-element_type=\"widget\" data-e-type=\"widget\" data-widget_type=\"image.default\">\n\t\t\t\t<div class=\"elementor-widget-container\">\n\t\t\t\t\t\t\t\t\t\t\t\t\t\t\t\t<a href=\"https:\/\/feldenkrais-tompkin.ch\/de\/wp-content\/uploads\/2022\/01\/gruppenlektionen.jpg\" data-elementor-open-lightbox=\"yes\" data-elementor-lightbox-title=\"gruppenlektionen\" data-e-action-hash=\"#elementor-action%3Aaction%3Dlightbox%26settings%3DeyJpZCI6MzAyLCJ1cmwiOiJodHRwczpcL1wvZmVsZGVua3JhaXMtdG9tcGtpbi5jaFwvZGVcL3dwLWNvbnRlbnRcL3VwbG9hZHNcLzIwMjJcLzAxXC9ncnVwcGVubGVrdGlvbmVuLmpwZyJ9\">\n\t\t\t\t\t\t\t<img fetchpriority=\"high\" decoding=\"async\" width=\"800\" height=\"533\" src=\"https:\/\/feldenkrais-tompkin.ch\/de\/wp-content\/uploads\/2022\/01\/gruppenlektionen.jpg\" class=\"attachment-large size-large wp-image-302\" alt=\"\" srcset=\"https:\/\/feldenkrais-tompkin.ch\/de\/wp-content\/uploads\/2022\/01\/gruppenlektionen.jpg 900w, https:\/\/feldenkrais-tompkin.ch\/de\/wp-content\/uploads\/2022\/01\/gruppenlektionen-300x200.jpg 300w, https:\/\/feldenkrais-tompkin.ch\/de\/wp-content\/uploads\/2022\/01\/gruppenlektionen-768x512.jpg 768w\" sizes=\"(max-width: 800px) 100vw, 800px\" \/>\t\t\t\t\t\t\t\t<\/a>\n\t\t\t\t\t\t\t\t\t\t\t\t\t\t\t<\/div>\n\t\t\t\t<\/div>\n\t\t\t\t\t<\/div>\n\t\t<\/div>\n\t\t\t\t\t<\/div>\n\t\t<\/section>\n\t\t\t\t<section class=\"elementor-section elementor-top-section elementor-element elementor-element-4dfc0268 elementor-section-boxed elementor-section-height-default elementor-section-height-default elementor-invisible\" data-id=\"4dfc0268\" data-element_type=\"section\" data-e-type=\"section\" data-settings=\"{&quot;animation&quot;:&quot;fadeInUp&quot;}\">\n\t\t\t\t\t\t<div class=\"elementor-container elementor-column-gap-default\">\n\t\t\t\t\t<div class=\"elementor-column elementor-col-100 elementor-top-column elementor-element elementor-element-224c92d5\" data-id=\"224c92d5\" data-element_type=\"column\" data-e-type=\"column\">\n\t\t\t<div class=\"elementor-widget-wrap elementor-element-populated\">\n\t\t\t\t\t\t<div class=\"elementor-element elementor-element-4ec2bd38 elementor-widget elementor-widget-heading\" data-id=\"4ec2bd38\" data-element_type=\"widget\" data-e-type=\"widget\" data-widget_type=\"heading.default\">\n\t\t\t\t<div class=\"elementor-widget-container\">\n\t\t\t\t\t<h2 class=\"elementor-heading-title elementor-size-default\">Es entsteht ein Lernprozess<\/h2>\t\t\t\t<\/div>\n\t\t\t\t<\/div>\n\t\t\t\t<div class=\"elementor-element elementor-element-7e4deb12 elementor-widget elementor-widget-text-editor\" data-id=\"7e4deb12\" data-element_type=\"widget\" data-e-type=\"widget\" data-widget_type=\"text-editor.default\">\n\t\t\t\t<div class=\"elementor-widget-container\">\n\t\t\t\t\t\t\t\t\t<p>Es entsteht ein Lernprozess \u00fcber die k\u00f6rperliche Wahrnehmung und die Anregung von neuen Pfaden im Hirn. Ihre individuelle K\u00f6rperwahrnehmung erm\u00f6glicht die Entdeckung Ihrer K\u00f6rpermitte und Entwicklung pers\u00f6nlicher Gelassenheit.<\/p>\t\t\t\t\t\t\t\t<\/div>\n\t\t\t\t<\/div>\n\t\t\t\t\t<\/div>\n\t\t<\/div>\n\t\t\t\t\t<\/div>\n\t\t<\/section>\n\t\t\t\t<\/div>\n\t\t","protected":false},"excerpt":{"rendered":"<p>Gruppenlektionen Bewusstheit durch Bewegung \u00abAwareness through Movement\u00bb In den Gruppenlektionen In den Gruppenlektionen werden Sie verbal zu den Bewegungen nach der Feldenkrais Methode\u00ae angeleitet und auf sensorische Erfahrungen aufmerksam gemacht. Die Bewegungen werden sanft, klein und langsam und in vielen Variationen ausgef\u00fchrt. So d\u00fcrfen Sie optimierte Bewegungsfl\u00fcsse im K\u00f6rper individuell sp\u00fcren und entwickeln. Es entsteht [&hellip;]<\/p>\n","protected":false},"author":1,"featured_media":0,"parent":0,"menu_order":0,"comment_status":"closed","ping_status":"closed","template":"elementor_header_footer","meta":{"rank_math_lock_modified_date":false,"footnotes":""},"class_list":["post-311","page","type-page","status-publish","hentry"],"_links":{"self":[{"href":"https:\/\/feldenkrais-tompkin.ch\/de\/wp-json\/wp\/v2\/pages\/311","targetHints":{"allow":["GET"]}}],"collection":[{"href":"https:\/\/feldenkrais-tompkin.ch\/de\/wp-json\/wp\/v2\/pages"}],"about":[{"href":"https:\/\/feldenkrais-tompkin.ch\/de\/wp-json\/wp\/v2\/types\/page"}],"author":[{"embeddable":true,"href":"https:\/\/feldenkrais-tompkin.ch\/de\/wp-json\/wp\/v2\/users\/1"}],"replies":[{"embeddable":true,"href":"https:\/\/feldenkrais-tompkin.ch\/de\/wp-json\/wp\/v2\/comments?post=311"}],"version-history":[{"count":19,"href":"https:\/\/feldenkrais-tompkin.ch\/de\/wp-json\/wp\/v2\/pages\/311\/revisions"}],"predecessor-version":[{"id":515,"href":"https:\/\/feldenkrais-tompkin.ch\/de\/wp-json\/wp\/v2\/pages\/311\/revisions\/515"}],"wp:attachment":[{"href":"https:\/\/feldenkrais-tompkin.ch\/de\/wp-json\/wp\/v2\/media?parent=311"}],"curies":[{"name":"wp","href":"https:\/\/api.w.org\/{rel}","templated":true}]}}