{"id":322,"date":"2022-01-19T14:04:45","date_gmt":"2022-01-19T14:04:45","guid":{"rendered":"https:\/\/feldenkrais-tompkin.ch\/de\/?page_id=322"},"modified":"2022-01-27T09:18:25","modified_gmt":"2022-01-27T09:18:25","slug":"einzellektionen","status":"publish","type":"page","link":"https:\/\/feldenkrais-tompkin.ch\/de\/einzellektionen\/","title":{"rendered":"Einzellektionen"},"content":{"rendered":"\t\t<div data-elementor-type=\"wp-page\" data-elementor-id=\"322\" class=\"elementor elementor-322\" data-elementor-post-type=\"page\">\n\t\t\t\t\t\t<section class=\"elementor-section elementor-top-section elementor-element elementor-element-167a03ca elementor-section-boxed elementor-section-height-default elementor-section-height-default\" data-id=\"167a03ca\" data-element_type=\"section\" data-e-type=\"section\">\n\t\t\t\t\t\t<div class=\"elementor-container elementor-column-gap-default\">\n\t\t\t\t\t<div class=\"elementor-column elementor-col-100 elementor-top-column elementor-element elementor-element-48e2d99e\" data-id=\"48e2d99e\" data-element_type=\"column\" data-e-type=\"column\">\n\t\t\t<div class=\"elementor-widget-wrap elementor-element-populated\">\n\t\t\t\t\t\t<div class=\"elementor-element elementor-element-50300905 elementor-invisible elementor-widget elementor-widget-heading\" data-id=\"50300905\" data-element_type=\"widget\" data-e-type=\"widget\" data-settings=\"{&quot;_animation&quot;:&quot;fadeInLeft&quot;}\" data-widget_type=\"heading.default\">\n\t\t\t\t<div class=\"elementor-widget-container\">\n\t\t\t\t\t<h2 class=\"elementor-heading-title elementor-size-default\">Einzellektionen - Funktionale Integration  <\/h2>\t\t\t\t<\/div>\n\t\t\t\t<\/div>\n\t\t\t\t\t<\/div>\n\t\t<\/div>\n\t\t\t\t\t<\/div>\n\t\t<\/section>\n\t\t\t\t<section class=\"elementor-section elementor-top-section elementor-element elementor-element-2a171ab4 elementor-section-boxed elementor-section-height-default elementor-section-height-default elementor-invisible\" data-id=\"2a171ab4\" data-element_type=\"section\" data-e-type=\"section\" data-settings=\"{&quot;background_background&quot;:&quot;classic&quot;,&quot;animation&quot;:&quot;fadeInRight&quot;}\">\n\t\t\t\t\t\t<div class=\"elementor-container elementor-column-gap-default\">\n\t\t\t\t\t<div class=\"elementor-column elementor-col-50 elementor-top-column elementor-element elementor-element-3538e87c\" data-id=\"3538e87c\" data-element_type=\"column\" data-e-type=\"column\">\n\t\t\t<div class=\"elementor-widget-wrap elementor-element-populated\">\n\t\t\t\t\t\t<div class=\"elementor-element elementor-element-380ea4bc elementor-widget elementor-widget-heading\" data-id=\"380ea4bc\" data-element_type=\"widget\" data-e-type=\"widget\" data-widget_type=\"heading.default\">\n\t\t\t\t<div class=\"elementor-widget-container\">\n\t\t\t\t\t<h2 class=\"elementor-heading-title elementor-size-default\">Funktionale Integration  <\/h2>\t\t\t\t<\/div>\n\t\t\t\t<\/div>\n\t\t\t\t<div class=\"elementor-element elementor-element-753c97e1 elementor-widget elementor-widget-text-editor\" data-id=\"753c97e1\" data-element_type=\"widget\" data-e-type=\"widget\" data-widget_type=\"text-editor.default\">\n\t\t\t\t<div class=\"elementor-widget-container\">\n\t\t\t\t\t\t\t\t\tIn einer funktionalen Integration werden Sie vom Feldenkrais \u00ae -Practitioner bewegt. Indem die Muskelarbeit von mir \u00fcbernommen wird, Sie bleiben mehrheitlich passiv und entspannt. Es erm\u00f6glicht Ihnen, Verbindungen im Skelett und neue Bewegungsr\u00e4ume der Gelenke zu erfahren und zu erlernen.\t\t\t\t\t\t\t\t<\/div>\n\t\t\t\t<\/div>\n\t\t\t\t\t<\/div>\n\t\t<\/div>\n\t\t\t\t<div class=\"elementor-column elementor-col-50 elementor-top-column elementor-element elementor-element-5ce18b78\" data-id=\"5ce18b78\" data-element_type=\"column\" data-e-type=\"column\" data-settings=\"{&quot;background_background&quot;:&quot;classic&quot;}\">\n\t\t\t<div class=\"elementor-widget-wrap elementor-element-populated\">\n\t\t\t\t\t\t<div class=\"elementor-element elementor-element-328d1087 elementor-widget elementor-widget-image\" data-id=\"328d1087\" data-element_type=\"widget\" data-e-type=\"widget\" data-widget_type=\"image.default\">\n\t\t\t\t<div class=\"elementor-widget-container\">\n\t\t\t\t\t\t\t\t\t\t\t\t\t\t\t\t<a href=\"https:\/\/feldenkrais-tompkin.ch\/de\/wp-content\/uploads\/2022\/01\/funktionale_integration.jpg\" data-elementor-open-lightbox=\"yes\" data-elementor-lightbox-title=\"funktionale_integration\" data-e-action-hash=\"#elementor-action%3Aaction%3Dlightbox%26settings%3DeyJpZCI6MzI0LCJ1cmwiOiJodHRwczpcL1wvZmVsZGVua3JhaXMtdG9tcGtpbi5jaFwvZGVcL3dwLWNvbnRlbnRcL3VwbG9hZHNcLzIwMjJcLzAxXC9mdW5rdGlvbmFsZV9pbnRlZ3JhdGlvbi5qcGcifQ%3D%3D\">\n\t\t\t\t\t\t\t<img fetchpriority=\"high\" decoding=\"async\" width=\"800\" height=\"533\" src=\"https:\/\/feldenkrais-tompkin.ch\/de\/wp-content\/uploads\/2022\/01\/funktionale_integration.jpg\" class=\"attachment-large size-large wp-image-324\" alt=\"\" srcset=\"https:\/\/feldenkrais-tompkin.ch\/de\/wp-content\/uploads\/2022\/01\/funktionale_integration.jpg 900w, https:\/\/feldenkrais-tompkin.ch\/de\/wp-content\/uploads\/2022\/01\/funktionale_integration-300x200.jpg 300w, https:\/\/feldenkrais-tompkin.ch\/de\/wp-content\/uploads\/2022\/01\/funktionale_integration-768x512.jpg 768w\" sizes=\"(max-width: 800px) 100vw, 800px\" \/>\t\t\t\t\t\t\t\t<\/a>\n\t\t\t\t\t\t\t\t\t\t\t\t\t\t\t<\/div>\n\t\t\t\t<\/div>\n\t\t\t\t\t<\/div>\n\t\t<\/div>\n\t\t\t\t\t<\/div>\n\t\t<\/section>\n\t\t\t\t<section class=\"elementor-section elementor-top-section elementor-element elementor-element-031ba29 elementor-section-boxed elementor-section-height-default elementor-section-height-default elementor-invisible\" data-id=\"031ba29\" data-element_type=\"section\" data-e-type=\"section\" data-settings=\"{&quot;background_background&quot;:&quot;classic&quot;,&quot;animation&quot;:&quot;fadeInRight&quot;}\">\n\t\t\t\t\t\t<div class=\"elementor-container elementor-column-gap-default\">\n\t\t\t\t\t<div class=\"elementor-column elementor-col-50 elementor-top-column elementor-element elementor-element-e025aae\" data-id=\"e025aae\" data-element_type=\"column\" data-e-type=\"column\" data-settings=\"{&quot;background_background&quot;:&quot;classic&quot;}\">\n\t\t\t<div class=\"elementor-widget-wrap elementor-element-populated\">\n\t\t\t\t\t\t<div class=\"elementor-element elementor-element-097dbfa elementor-widget elementor-widget-image\" data-id=\"097dbfa\" data-element_type=\"widget\" data-e-type=\"widget\" data-widget_type=\"image.default\">\n\t\t\t\t<div class=\"elementor-widget-container\">\n\t\t\t\t\t\t\t\t\t\t\t\t\t\t\t\t<a href=\"https:\/\/feldenkrais-tompkin.ch\/de\/wp-content\/uploads\/2022\/01\/Erfahrungen.jpg\" data-elementor-open-lightbox=\"yes\" data-elementor-lightbox-title=\"Erfahrungen\" data-e-action-hash=\"#elementor-action%3Aaction%3Dlightbox%26settings%3DeyJpZCI6MzI5LCJ1cmwiOiJodHRwczpcL1wvZmVsZGVua3JhaXMtdG9tcGtpbi5jaFwvZGVcL3dwLWNvbnRlbnRcL3VwbG9hZHNcLzIwMjJcLzAxXC9FcmZhaHJ1bmdlbi5qcGcifQ%3D%3D\">\n\t\t\t\t\t\t\t<img decoding=\"async\" width=\"800\" height=\"533\" src=\"https:\/\/feldenkrais-tompkin.ch\/de\/wp-content\/uploads\/2022\/01\/Erfahrungen.jpg\" class=\"attachment-large size-large wp-image-329\" alt=\"\" srcset=\"https:\/\/feldenkrais-tompkin.ch\/de\/wp-content\/uploads\/2022\/01\/Erfahrungen.jpg 900w, https:\/\/feldenkrais-tompkin.ch\/de\/wp-content\/uploads\/2022\/01\/Erfahrungen-300x200.jpg 300w, https:\/\/feldenkrais-tompkin.ch\/de\/wp-content\/uploads\/2022\/01\/Erfahrungen-768x512.jpg 768w\" sizes=\"(max-width: 800px) 100vw, 800px\" \/>\t\t\t\t\t\t\t\t<\/a>\n\t\t\t\t\t\t\t\t\t\t\t\t\t\t\t<\/div>\n\t\t\t\t<\/div>\n\t\t\t\t\t<\/div>\n\t\t<\/div>\n\t\t\t\t<div class=\"elementor-column elementor-col-50 elementor-top-column elementor-element elementor-element-7fdc164\" data-id=\"7fdc164\" data-element_type=\"column\" data-e-type=\"column\">\n\t\t\t<div class=\"elementor-widget-wrap elementor-element-populated\">\n\t\t\t\t\t\t<div class=\"elementor-element elementor-element-aa108ba elementor-widget elementor-widget-heading\" data-id=\"aa108ba\" data-element_type=\"widget\" data-e-type=\"widget\" data-widget_type=\"heading.default\">\n\t\t\t\t<div class=\"elementor-widget-container\">\n\t\t\t\t\t<h2 class=\"elementor-heading-title elementor-size-default\">Erfahrungen<\/h2>\t\t\t\t<\/div>\n\t\t\t\t<\/div>\n\t\t\t\t<div class=\"elementor-element elementor-element-3c4e5fd elementor-widget elementor-widget-text-editor\" data-id=\"3c4e5fd\" data-element_type=\"widget\" data-e-type=\"widget\" data-widget_type=\"text-editor.default\">\n\t\t\t\t<div class=\"elementor-widget-container\">\n\t\t\t\t\t\t\t\t\tDie Erfahrungen in der Lektion werden schliesslich in Ihren  allt\u00e4glichen Bewegungen angewendet und integriert.\t\t\t\t\t\t\t\t<\/div>\n\t\t\t\t<\/div>\n\t\t\t\t\t<\/div>\n\t\t<\/div>\n\t\t\t\t\t<\/div>\n\t\t<\/section>\n\t\t\t\t<\/div>\n\t\t","protected":false},"excerpt":{"rendered":"<p>Einzellektionen &#8211; Funktionale Integration Funktionale Integration In einer funktionalen Integration werden Sie vom Feldenkrais \u00ae -Practitioner bewegt. Indem die Muskelarbeit von mir \u00fcbernommen wird, Sie bleiben mehrheitlich passiv und entspannt. Es erm\u00f6glicht Ihnen, Verbindungen im Skelett und neue Bewegungsr\u00e4ume der Gelenke zu erfahren und zu erlernen. Erfahrungen Die Erfahrungen in der Lektion werden schliesslich in [&hellip;]<\/p>\n","protected":false},"author":1,"featured_media":0,"parent":0,"menu_order":0,"comment_status":"closed","ping_status":"closed","template":"elementor_header_footer","meta":{"rank_math_lock_modified_date":false,"footnotes":""},"class_list":["post-322","page","type-page","status-publish","hentry"],"_links":{"self":[{"href":"https:\/\/feldenkrais-tompkin.ch\/de\/wp-json\/wp\/v2\/pages\/322","targetHints":{"allow":["GET"]}}],"collection":[{"href":"https:\/\/feldenkrais-tompkin.ch\/de\/wp-json\/wp\/v2\/pages"}],"about":[{"href":"https:\/\/feldenkrais-tompkin.ch\/de\/wp-json\/wp\/v2\/types\/page"}],"author":[{"embeddable":true,"href":"https:\/\/feldenkrais-tompkin.ch\/de\/wp-json\/wp\/v2\/users\/1"}],"replies":[{"embeddable":true,"href":"https:\/\/feldenkrais-tompkin.ch\/de\/wp-json\/wp\/v2\/comments?post=322"}],"version-history":[{"count":16,"href":"https:\/\/feldenkrais-tompkin.ch\/de\/wp-json\/wp\/v2\/pages\/322\/revisions"}],"predecessor-version":[{"id":521,"href":"https:\/\/feldenkrais-tompkin.ch\/de\/wp-json\/wp\/v2\/pages\/322\/revisions\/521"}],"wp:attachment":[{"href":"https:\/\/feldenkrais-tompkin.ch\/de\/wp-json\/wp\/v2\/media?parent=322"}],"curies":[{"name":"wp","href":"https:\/\/api.w.org\/{rel}","templated":true}]}}