{"id":364,"date":"2022-01-19T14:59:12","date_gmt":"2022-01-19T14:59:12","guid":{"rendered":"https:\/\/feldenkrais-tompkin.ch\/de\/?page_id=364"},"modified":"2024-03-05T13:37:55","modified_gmt":"2024-03-05T13:37:55","slug":"ueber-mich","status":"publish","type":"page","link":"https:\/\/feldenkrais-tompkin.ch\/de\/ueber-mich\/","title":{"rendered":"\u00dcber mich"},"content":{"rendered":"\t\t<div data-elementor-type=\"wp-page\" data-elementor-id=\"364\" class=\"elementor elementor-364\" data-elementor-post-type=\"page\">\n\t\t\t\t\t\t<section class=\"elementor-section elementor-top-section elementor-element elementor-element-6f6b6cc0 elementor-section-boxed elementor-section-height-default elementor-section-height-default\" data-id=\"6f6b6cc0\" data-element_type=\"section\" data-e-type=\"section\">\n\t\t\t\t\t\t<div class=\"elementor-container elementor-column-gap-default\">\n\t\t\t\t\t<div class=\"elementor-column elementor-col-100 elementor-top-column elementor-element elementor-element-c37057f\" data-id=\"c37057f\" data-element_type=\"column\" data-e-type=\"column\">\n\t\t\t<div class=\"elementor-widget-wrap elementor-element-populated\">\n\t\t\t\t\t\t<div class=\"elementor-element elementor-element-1c488300 elementor-invisible elementor-widget elementor-widget-heading\" data-id=\"1c488300\" data-element_type=\"widget\" data-e-type=\"widget\" data-settings=\"{&quot;_animation&quot;:&quot;fadeInLeft&quot;}\" data-widget_type=\"heading.default\">\n\t\t\t\t<div class=\"elementor-widget-container\">\n\t\t\t\t\t<h2 class=\"elementor-heading-title elementor-size-default\">\u00dcBER MICH<\/h2>\t\t\t\t<\/div>\n\t\t\t\t<\/div>\n\t\t\t\t\t<\/div>\n\t\t<\/div>\n\t\t\t\t\t<\/div>\n\t\t<\/section>\n\t\t\t\t<section class=\"elementor-section elementor-top-section elementor-element elementor-element-5d9cf97e elementor-section-boxed elementor-section-height-default elementor-section-height-default elementor-invisible\" data-id=\"5d9cf97e\" data-element_type=\"section\" data-e-type=\"section\" data-settings=\"{&quot;background_background&quot;:&quot;classic&quot;,&quot;animation&quot;:&quot;fadeInRight&quot;}\">\n\t\t\t\t\t\t<div class=\"elementor-container elementor-column-gap-default\">\n\t\t\t\t\t<div class=\"elementor-column elementor-col-50 elementor-top-column elementor-element elementor-element-52d199d7\" data-id=\"52d199d7\" data-element_type=\"column\" data-e-type=\"column\">\n\t\t\t<div class=\"elementor-widget-wrap elementor-element-populated\">\n\t\t\t\t\t\t<div class=\"elementor-element elementor-element-271e5373 elementor-widget elementor-widget-heading\" data-id=\"271e5373\" data-element_type=\"widget\" data-e-type=\"widget\" data-widget_type=\"heading.default\">\n\t\t\t\t<div class=\"elementor-widget-container\">\n\t\t\t\t\t<h2 class=\"elementor-heading-title elementor-size-default\">Christina Tompkin-Sigg<\/br> Baden<\/h2>\t\t\t\t<\/div>\n\t\t\t\t<\/div>\n\t\t\t\t<div class=\"elementor-element elementor-element-13636046 elementor-widget elementor-widget-text-editor\" data-id=\"13636046\" data-element_type=\"widget\" data-e-type=\"widget\" data-widget_type=\"text-editor.default\">\n\t\t\t\t<div class=\"elementor-widget-container\">\n\t\t\t\t\t\t\t\t\t<p>Bewegung war und ist noch immer ein zentrales Element in meinem Leben, im Tanzraum, auf der Leichtathletikbahn, auf dem Waldlaufpfad, Tennisplatz Wander- oder Reitweg.<\/p><p><span style=\"background-color: var( --e-global-color-fc6e85b ); font-size: 1rem;\">&nbsp;Heute ist Bewegung auch zu meinem beruflichen Mittelpunkt geworden.<\/span><\/p>\n<p>Die 4-j\u00e4hrige Ausbildung zur Feldenkrais\u00ae &#8211; P\u00e4dagogin genoss ich in vollen Z\u00fcgen. Sie liess mich enorme Leichtigkeit in Alltagsbewegungen und eine Steigerung im Sport erfahren. Ein wunderbares Gl\u00fccksgef\u00fchl! Zugleich durfte ich eine tiefe Gelassenheit und innere Ruhe entwickeln. Nun w\u00fcnsche ich allen Menschen, die Feldenkrais-Stunden erfahren, dass sie leichtere, m\u00fchelose Bewegungen entdecken k\u00f6nnen.&nbsp;<\/p>\t\t\t\t\t\t\t\t<\/div>\n\t\t\t\t<\/div>\n\t\t\t\t\t<\/div>\n\t\t<\/div>\n\t\t\t\t<div class=\"elementor-column elementor-col-50 elementor-top-column elementor-element elementor-element-7efd44e6\" data-id=\"7efd44e6\" data-element_type=\"column\" data-e-type=\"column\" data-settings=\"{&quot;background_background&quot;:&quot;classic&quot;}\">\n\t\t\t<div class=\"elementor-widget-wrap elementor-element-populated\">\n\t\t\t\t\t\t<div class=\"elementor-element elementor-element-80bea7e elementor-widget elementor-widget-image\" data-id=\"80bea7e\" data-element_type=\"widget\" data-e-type=\"widget\" data-widget_type=\"image.default\">\n\t\t\t\t<div class=\"elementor-widget-container\">\n\t\t\t\t\t\t\t\t\t\t\t\t\t\t\t\t<a href=\"https:\/\/feldenkrais-tompkin.ch\/de\/wp-content\/uploads\/2022\/01\/christina.jpg\" data-elementor-open-lightbox=\"yes\" data-elementor-lightbox-title=\"christina\" data-e-action-hash=\"#elementor-action%3Aaction%3Dlightbox%26settings%3DeyJpZCI6MzY2LCJ1cmwiOiJodHRwczpcL1wvZmVsZGVua3JhaXMtdG9tcGtpbi5jaFwvZGVcL3dwLWNvbnRlbnRcL3VwbG9hZHNcLzIwMjJcLzAxXC9jaHJpc3RpbmEuanBnIn0%3D\">\n\t\t\t\t\t\t\t<img decoding=\"async\" src=\"https:\/\/feldenkrais-tompkin.ch\/de\/wp-content\/uploads\/elementor\/thumbs\/christina-qsg1xzwbbb6tr7xc70y895u84n0nmq95z67svlph90.jpg\" title=\"christina\" alt=\"christina\" loading=\"lazy\" \/>\t\t\t\t\t\t\t\t<\/a>\n\t\t\t\t\t\t\t\t\t\t\t\t\t\t\t<\/div>\n\t\t\t\t<\/div>\n\t\t\t\t\t<\/div>\n\t\t<\/div>\n\t\t\t\t\t<\/div>\n\t\t<\/section>\n\t\t\t\t<section class=\"elementor-section elementor-top-section elementor-element elementor-element-1bef7ac8 elementor-section-boxed elementor-section-height-default elementor-section-height-default elementor-invisible\" data-id=\"1bef7ac8\" data-element_type=\"section\" data-e-type=\"section\" data-settings=\"{&quot;animation&quot;:&quot;fadeInUp&quot;}\">\n\t\t\t\t\t\t<div class=\"elementor-container elementor-column-gap-default\">\n\t\t\t\t\t<div class=\"elementor-column elementor-col-100 elementor-top-column elementor-element elementor-element-56a769fc\" data-id=\"56a769fc\" data-element_type=\"column\" data-e-type=\"column\">\n\t\t\t<div class=\"elementor-widget-wrap elementor-element-populated\">\n\t\t\t\t\t\t<div class=\"elementor-element elementor-element-2293c369 elementor-widget elementor-widget-text-editor\" data-id=\"2293c369\" data-element_type=\"widget\" data-e-type=\"widget\" data-widget_type=\"text-editor.default\">\n\t\t\t\t<div class=\"elementor-widget-container\">\n\t\t\t\t\t\t\t\t\t<p>Ich bin begeistert, diese Erfahrungen nun meinen Mitmenschen weiterzugeben.<\/p><p>Ich bin zertifiziertes Mitglied des Schweizerischen Feldenkrais Verbands SFV<br \/>Ausbildung bei Angelika Feldmann in Z\u00fcrich 2017-2021<\/p>\t\t\t\t\t\t\t\t<\/div>\n\t\t\t\t<\/div>\n\t\t\t\t\t<\/div>\n\t\t<\/div>\n\t\t\t\t\t<\/div>\n\t\t<\/section>\n\t\t\t\t<\/div>\n\t\t","protected":false},"excerpt":{"rendered":"<p>\u00dcBER MICH Christina Tompkin-Sigg Baden Bewegung war und ist noch immer ein zentrales Element in meinem Leben, im Tanzraum, auf der Leichtathletikbahn, auf dem Waldlaufpfad, Tennisplatz Wander- oder Reitweg. &nbsp;Heute ist Bewegung auch zu meinem beruflichen Mittelpunkt geworden. Die 4-j\u00e4hrige Ausbildung zur Feldenkrais\u00ae &#8211; P\u00e4dagogin genoss ich in vollen Z\u00fcgen. Sie liess mich enorme Leichtigkeit [&hellip;]<\/p>\n","protected":false},"author":1,"featured_media":0,"parent":0,"menu_order":0,"comment_status":"closed","ping_status":"closed","template":"elementor_header_footer","meta":{"rank_math_lock_modified_date":false,"footnotes":""},"class_list":["post-364","page","type-page","status-publish","hentry"],"_links":{"self":[{"href":"https:\/\/feldenkrais-tompkin.ch\/de\/wp-json\/wp\/v2\/pages\/364","targetHints":{"allow":["GET"]}}],"collection":[{"href":"https:\/\/feldenkrais-tompkin.ch\/de\/wp-json\/wp\/v2\/pages"}],"about":[{"href":"https:\/\/feldenkrais-tompkin.ch\/de\/wp-json\/wp\/v2\/types\/page"}],"author":[{"embeddable":true,"href":"https:\/\/feldenkrais-tompkin.ch\/de\/wp-json\/wp\/v2\/users\/1"}],"replies":[{"embeddable":true,"href":"https:\/\/feldenkrais-tompkin.ch\/de\/wp-json\/wp\/v2\/comments?post=364"}],"version-history":[{"count":29,"href":"https:\/\/feldenkrais-tompkin.ch\/de\/wp-json\/wp\/v2\/pages\/364\/revisions"}],"predecessor-version":[{"id":671,"href":"https:\/\/feldenkrais-tompkin.ch\/de\/wp-json\/wp\/v2\/pages\/364\/revisions\/671"}],"wp:attachment":[{"href":"https:\/\/feldenkrais-tompkin.ch\/de\/wp-json\/wp\/v2\/media?parent=364"}],"curies":[{"name":"wp","href":"https:\/\/api.w.org\/{rel}","templated":true}]}}