{"id":679,"date":"2024-03-20T14:23:47","date_gmt":"2024-03-20T14:23:47","guid":{"rendered":"https:\/\/feldenkrais-tompkin.ch\/de\/?page_id=679"},"modified":"2024-03-20T14:26:03","modified_gmt":"2024-03-20T14:26:03","slug":"datenschutz","status":"publish","type":"page","link":"https:\/\/feldenkrais-tompkin.ch\/de\/datenschutz\/","title":{"rendered":"Datenschutz"},"content":{"rendered":"\t\t<div data-elementor-type=\"wp-page\" data-elementor-id=\"679\" class=\"elementor elementor-679\" data-elementor-post-type=\"page\">\n\t\t\t\t\t\t<section class=\"elementor-section elementor-top-section elementor-element elementor-element-46d512b4 elementor-section-boxed elementor-section-height-default elementor-section-height-default\" data-id=\"46d512b4\" data-element_type=\"section\" data-e-type=\"section\" data-settings=\"{&quot;background_background&quot;:&quot;classic&quot;}\">\n\t\t\t\t\t\t<div class=\"elementor-container elementor-column-gap-default\">\n\t\t\t\t\t<div class=\"elementor-column elementor-col-100 elementor-top-column elementor-element elementor-element-61119eb3\" data-id=\"61119eb3\" data-element_type=\"column\" data-e-type=\"column\">\n\t\t\t<div class=\"elementor-widget-wrap elementor-element-populated\">\n\t\t\t\t\t\t<div class=\"elementor-element elementor-element-755245da elementor-invisible elementor-widget elementor-widget-heading\" data-id=\"755245da\" data-element_type=\"widget\" data-e-type=\"widget\" data-settings=\"{&quot;_animation&quot;:&quot;fadeInLeft&quot;}\" data-widget_type=\"heading.default\">\n\t\t\t\t<div class=\"elementor-widget-container\">\n\t\t\t\t\t<h2 class=\"elementor-heading-title elementor-size-default\">Datenschutz<\/h2>\t\t\t\t<\/div>\n\t\t\t\t<\/div>\n\t\t\t\t\t<\/div>\n\t\t<\/div>\n\t\t\t\t\t<\/div>\n\t\t<\/section>\n\t\t\t\t<section class=\"elementor-section elementor-top-section elementor-element elementor-element-13cffd91 elementor-section-boxed elementor-section-height-default elementor-section-height-default elementor-invisible\" data-id=\"13cffd91\" data-element_type=\"section\" data-e-type=\"section\" data-settings=\"{&quot;animation&quot;:&quot;fadeInUp&quot;}\">\n\t\t\t\t\t\t<div class=\"elementor-container elementor-column-gap-default\">\n\t\t\t\t\t<div class=\"elementor-column elementor-col-100 elementor-top-column elementor-element elementor-element-7ae06a9c\" data-id=\"7ae06a9c\" data-element_type=\"column\" data-e-type=\"column\">\n\t\t\t<div class=\"elementor-widget-wrap elementor-element-populated\">\n\t\t\t\t\t\t<div class=\"elementor-element elementor-element-7aed30fc elementor-widget elementor-widget-heading\" data-id=\"7aed30fc\" data-element_type=\"widget\" data-e-type=\"widget\" data-widget_type=\"heading.default\">\n\t\t\t\t<div class=\"elementor-widget-container\">\n\t\t\t\t\t<h2 class=\"elementor-heading-title elementor-size-default\">Datenschutzerkl\u00e4rung<\/h2>\t\t\t\t<\/div>\n\t\t\t\t<\/div>\n\t\t\t\t<div class=\"elementor-element elementor-element-61f3d70b elementor-widget elementor-widget-text-editor\" data-id=\"61f3d70b\" data-element_type=\"widget\" data-e-type=\"widget\" data-widget_type=\"text-editor.default\">\n\t\t\t\t<div class=\"elementor-widget-container\">\n\t\t\t\t\t\t\t\t\t<p>Datum der letzten Aktualisierung: 19.03.2024<\/p>\n<p>Diese Datenschutzerkl\u00e4rung regelt die Erfassung, Verwendung und Offenlegung von personenbezogenen Daten im Zusammenhang mit der Nutzung der Website [www.feldenkrais-tompkin.ch] (die &#8222;Website&#8220;) durch Christina Tompkin-Sigg (im Folgenden &#8222;wir&#8220;, &#8222;uns&#8220;, oder &#8222;unser&#8220;).<\/p>\n<p><strong>1. Erhebung und Verwendung personenbezogener Daten<\/strong><\/p>\n<p>Wir k\u00f6nnen personenbezogene Daten von Nutzern auf verschiedene Weise erfassen, einschlie\u00dflich, aber nicht beschr\u00e4nkt auf:<\/p>\n<p>&#8211; Kontaktinformationen wie Name, E-Mail-Adresse, Telefonnummer, etc., die von den Nutzern bereitgestellt werden, wenn sie Formulare ausf\u00fcllen oder mit uns \u00fcber die Website kommunizieren.<br>&#8211; Automatisch erfasste Informationen \u00fcber die Nutzung der Website, einschlie\u00dflich IP-Adressen, Browsertyp, Betriebssystem, Zugriffszeitpunkte und -daten, die \u00fcber Cookies und \u00e4hnliche Technologien gesammelt werden.<\/p>\n<p>Wir verwenden personenbezogene Daten, um die Website zu betreiben, bereitzustellen, zu warten und zu verbessern, um auf Anfragen und Anfragen von Nutzern zu antworten und um andere mit der Website verbundene Zwecke zu erf\u00fcllen.<\/p>\n<p><b>2. Offenlegung von personenbezogenen Daten<\/b><\/p>\n<p>Wir geben personenbezogene Daten nicht ohne Zustimmung der Nutzer weiter, es sei denn, dies ist gesetzlich vorgeschrieben oder gestattet, oder wenn dies erforderlich ist, um die Website zu betreiben oder die darin enthaltenen Dienste bereitzustellen.<\/p>\n<p><b>3. Datensicherheit<\/b><\/p>\n<p>Wir treffen angemessene Sicherheitsma\u00dfnahmen, um personenbezogene Daten vor Verlust, Missbrauch und unbefugtem Zugriff, Offenlegung, \u00c4nderung und Zerst\u00f6rung zu sch\u00fctzen.<\/p>\n<p><b>4. Cookies<\/b><\/p>\n<p>Die Website verwendet Cookies und \u00e4hnliche Technologien, um die Nutzung der Website zu analysieren, die Benutzererfahrung zu verbessern und Werbung bereitzustellen. Durch die Nutzung der Website erkl\u00e4ren sich die Nutzer mit der Verwendung von Cookies gem\u00e4\u00df unserer Cookie-Richtlinie einverstanden.<\/p>\n<p><b>5. \u00c4nderungen dieser Datenschutzerkl\u00e4rung<\/b><\/p>\n<p>Wir behalten uns das Recht vor, diese Datenschutzerkl\u00e4rung jederzeit zu \u00e4ndern oder zu aktualisieren. Bitte \u00fcberpr\u00fcfen Sie regelm\u00e4\u00dfig diese Seite auf \u00c4nderungen. Ihre fortgesetzte Nutzung der Website nach der Ver\u00f6ffentlichung von \u00c4nderungen dieser Datenschutzerkl\u00e4rung stellt Ihre Zustimmung zu diesen \u00c4nderungen dar.<\/p>\n<p><b>6. Kontaktinformationen<\/b><\/p>\n<p>Wenn Sie Fragen oder Bedenken bez\u00fcglich dieser Datenschutzerkl\u00e4rung oder der Verwendung Ihrer personenbezogenen Daten haben, k\u00f6nnen Sie uns unter [info@feldenkrais-tompkin.ch] oder unter der Telefonnummer [077 441 07 50] kontaktieren.<\/p>\n<p><br><\/p>\t\t\t\t\t\t\t\t<\/div>\n\t\t\t\t<\/div>\n\t\t\t\t\t<\/div>\n\t\t<\/div>\n\t\t\t\t\t<\/div>\n\t\t<\/section>\n\t\t\t\t<\/div>\n\t\t","protected":false},"excerpt":{"rendered":"<p>Datenschutzerkl\u00e4rung Datum der letzten Aktualisierung: 19.03.2024 Diese Datenschutzerkl\u00e4rung regelt die Erfassung, Verwendung und Offenlegung von personenbezogenen Daten im Zusammenhang mit der Nutzung der Website [www.feldenkrais-tompkin.ch] (die &#8222;Website&#8220;) durch Christina Tompkin-Sigg (im Folgenden &#8222;wir&#8220;, &#8222;uns&#8220;, oder &#8222;unser&#8220;). 1. Erhebung und Verwendung personenbezogener Daten Wir k\u00f6nnen personenbezogene Daten von Nutzern auf verschiedene Weise erfassen, einschlie\u00dflich, aber nicht [&hellip;]<\/p>\n","protected":false},"author":1,"featured_media":0,"parent":0,"menu_order":0,"comment_status":"closed","ping_status":"closed","template":"elementor_header_footer","meta":{"rank_math_lock_modified_date":false,"footnotes":""},"class_list":["post-679","page","type-page","status-publish","hentry"],"_links":{"self":[{"href":"https:\/\/feldenkrais-tompkin.ch\/de\/wp-json\/wp\/v2\/pages\/679","targetHints":{"allow":["GET"]}}],"collection":[{"href":"https:\/\/feldenkrais-tompkin.ch\/de\/wp-json\/wp\/v2\/pages"}],"about":[{"href":"https:\/\/feldenkrais-tompkin.ch\/de\/wp-json\/wp\/v2\/types\/page"}],"author":[{"embeddable":true,"href":"https:\/\/feldenkrais-tompkin.ch\/de\/wp-json\/wp\/v2\/users\/1"}],"replies":[{"embeddable":true,"href":"https:\/\/feldenkrais-tompkin.ch\/de\/wp-json\/wp\/v2\/comments?post=679"}],"version-history":[{"count":4,"href":"https:\/\/feldenkrais-tompkin.ch\/de\/wp-json\/wp\/v2\/pages\/679\/revisions"}],"predecessor-version":[{"id":683,"href":"https:\/\/feldenkrais-tompkin.ch\/de\/wp-json\/wp\/v2\/pages\/679\/revisions\/683"}],"wp:attachment":[{"href":"https:\/\/feldenkrais-tompkin.ch\/de\/wp-json\/wp\/v2\/media?parent=679"}],"curies":[{"name":"wp","href":"https:\/\/api.w.org\/{rel}","templated":true}]}}