{"id":374,"date":"2022-01-19T16:09:35","date_gmt":"2022-01-19T16:09:35","guid":{"rendered":"https:\/\/feldenkrais-tompkin.ch\/en\/?page_id=374"},"modified":"2022-02-08T08:55:21","modified_gmt":"2022-02-08T08:55:21","slug":"moshe-feldenkrais","status":"publish","type":"page","link":"https:\/\/feldenkrais-tompkin.ch\/en\/moshe-feldenkrais\/","title":{"rendered":"MOSHE FELDENKRAIS"},"content":{"rendered":"\t\t<div data-elementor-type=\"wp-page\" data-elementor-id=\"374\" class=\"elementor elementor-374\" data-elementor-post-type=\"page\">\n\t\t\t\t\t\t<section class=\"elementor-section elementor-top-section elementor-element elementor-element-40ada05e elementor-section-boxed elementor-section-height-default elementor-section-height-default\" data-id=\"40ada05e\" data-element_type=\"section\" data-e-type=\"section\">\n\t\t\t\t\t\t<div class=\"elementor-container elementor-column-gap-default\">\n\t\t\t\t\t<div class=\"elementor-column elementor-col-100 elementor-top-column elementor-element elementor-element-63651b18\" data-id=\"63651b18\" data-element_type=\"column\" data-e-type=\"column\">\n\t\t\t<div class=\"elementor-widget-wrap elementor-element-populated\">\n\t\t\t\t\t\t<div class=\"elementor-element elementor-element-5bcfd36c elementor-invisible elementor-widget elementor-widget-heading\" data-id=\"5bcfd36c\" data-element_type=\"widget\" data-e-type=\"widget\" data-settings=\"{&quot;_animation&quot;:&quot;fadeInLeft&quot;}\" data-widget_type=\"heading.default\">\n\t\t\t\t<div class=\"elementor-widget-container\">\n\t\t\t\t\t<h2 class=\"elementor-heading-title elementor-size-default\">Mosh\u00e9 Feldenkrais and his method<\/h2>\t\t\t\t<\/div>\n\t\t\t\t<\/div>\n\t\t\t\t\t<\/div>\n\t\t<\/div>\n\t\t\t\t\t<\/div>\n\t\t<\/section>\n\t\t\t\t<section class=\"elementor-section elementor-top-section elementor-element elementor-element-76e0b6fa elementor-section-boxed elementor-section-height-default elementor-section-height-default elementor-invisible\" data-id=\"76e0b6fa\" data-element_type=\"section\" data-e-type=\"section\" data-settings=\"{&quot;background_background&quot;:&quot;classic&quot;,&quot;animation&quot;:&quot;fadeInRight&quot;}\">\n\t\t\t\t\t\t<div class=\"elementor-container elementor-column-gap-default\">\n\t\t\t\t\t<div class=\"elementor-column elementor-col-50 elementor-top-column elementor-element elementor-element-4e899dfd\" data-id=\"4e899dfd\" data-element_type=\"column\" data-e-type=\"column\" data-settings=\"{&quot;background_background&quot;:&quot;classic&quot;}\">\n\t\t\t<div class=\"elementor-widget-wrap elementor-element-populated\">\n\t\t\t\t\t\t<div class=\"elementor-element elementor-element-10cb9c11 elementor-widget elementor-widget-image\" data-id=\"10cb9c11\" data-element_type=\"widget\" data-e-type=\"widget\" data-widget_type=\"image.default\">\n\t\t\t\t<div class=\"elementor-widget-container\">\n\t\t\t\t\t\t\t\t\t\t\t\t\t\t\t\t<a href=\"https:\/\/feldenkrais-tompkin.ch\/en\/wp-content\/uploads\/2022\/01\/moshe_feldenkrais_1.jpg\" data-elementor-open-lightbox=\"yes\" data-elementor-lightbox-title=\"mosh\u00e9_feldenkrais_1\" data-e-action-hash=\"#elementor-action%3Aaction%3Dlightbox%26settings%3DeyJpZCI6NDcyLCJ1cmwiOiJodHRwczpcL1wvZmVsZGVua3JhaXMtdG9tcGtpbi5jaFwvZW5cL3dwLWNvbnRlbnRcL3VwbG9hZHNcLzIwMjJcLzAxXC9tb3NoZV9mZWxkZW5rcmFpc18xLmpwZyJ9\">\n\t\t\t\t\t\t\t<img fetchpriority=\"high\" decoding=\"async\" width=\"658\" height=\"1024\" src=\"https:\/\/feldenkrais-tompkin.ch\/en\/wp-content\/uploads\/2022\/01\/moshe_feldenkrais_1-658x1024.jpg\" class=\"attachment-large size-large wp-image-472\" alt=\"\" srcset=\"https:\/\/feldenkrais-tompkin.ch\/en\/wp-content\/uploads\/2022\/01\/moshe_feldenkrais_1-658x1024.jpg 658w, https:\/\/feldenkrais-tompkin.ch\/en\/wp-content\/uploads\/2022\/01\/moshe_feldenkrais_1-193x300.jpg 193w, https:\/\/feldenkrais-tompkin.ch\/en\/wp-content\/uploads\/2022\/01\/moshe_feldenkrais_1.jpg 741w\" sizes=\"(max-width: 658px) 100vw, 658px\" \/>\t\t\t\t\t\t\t\t<\/a>\n\t\t\t\t\t\t\t\t\t\t\t\t\t\t\t<\/div>\n\t\t\t\t<\/div>\n\t\t\t\t\t<\/div>\n\t\t<\/div>\n\t\t\t\t<div class=\"elementor-column elementor-col-50 elementor-top-column elementor-element elementor-element-161d4ad4\" data-id=\"161d4ad4\" data-element_type=\"column\" data-e-type=\"column\">\n\t\t\t<div class=\"elementor-widget-wrap elementor-element-populated\">\n\t\t\t\t\t\t<div class=\"elementor-element elementor-element-19be9214 elementor-widget elementor-widget-heading\" data-id=\"19be9214\" data-element_type=\"widget\" data-e-type=\"widget\" data-widget_type=\"heading.default\">\n\t\t\t\t<div class=\"elementor-widget-container\">\n\t\t\t\t\t<h2 class=\"elementor-heading-title elementor-size-default\">Mosh\u00e9 Feldenkrais<\/h2>\t\t\t\t<\/div>\n\t\t\t\t<\/div>\n\t\t\t\t<div class=\"elementor-element elementor-element-15ee325b elementor-widget elementor-widget-text-editor\" data-id=\"15ee325b\" data-element_type=\"widget\" data-e-type=\"widget\" data-widget_type=\"text-editor.default\">\n\t\t\t\t<div class=\"elementor-widget-container\">\n\t\t\t\t\t\t\t\t\t<p>1904 (Slawuta, present day Ukraine) &#8211; 1984 (Tel Aviv, Israel)<br \/>Dr. Mosh\u00e9 Feldenkrais, a trained physicist and engineer and first ever blackbelt judo master in the western world, developped his method over many years. It is based on his experiences in self defense and the overcoming of serious knee injuries and in particular on his idea of our brain having neuroplastic abilities.<\/p><p>He realized early on, that our brain is able to learn if it is stimulated by actions, which has been proven by technologies available today . The lessons according to his method are aimed at this ability of the brain.<\/p>\t\t\t\t\t\t\t\t<\/div>\n\t\t\t\t<\/div>\n\t\t\t\t\t<\/div>\n\t\t<\/div>\n\t\t\t\t\t<\/div>\n\t\t<\/section>\n\t\t\t\t<section class=\"elementor-section elementor-top-section elementor-element elementor-element-14eb8b76 elementor-section-boxed elementor-section-height-default elementor-section-height-default elementor-invisible\" data-id=\"14eb8b76\" data-element_type=\"section\" data-e-type=\"section\" data-settings=\"{&quot;animation&quot;:&quot;fadeInUp&quot;}\">\n\t\t\t\t\t\t<div class=\"elementor-container elementor-column-gap-default\">\n\t\t\t\t\t<div class=\"elementor-column elementor-col-100 elementor-top-column elementor-element elementor-element-1ae2c192\" data-id=\"1ae2c192\" data-element_type=\"column\" data-e-type=\"column\">\n\t\t\t<div class=\"elementor-widget-wrap elementor-element-populated\">\n\t\t\t\t\t\t<div class=\"elementor-element elementor-element-36ff99c5 elementor-widget elementor-widget-heading\" data-id=\"36ff99c5\" data-element_type=\"widget\" data-e-type=\"widget\" data-widget_type=\"heading.default\">\n\t\t\t\t<div class=\"elementor-widget-container\">\n\t\t\t\t\t<h2 class=\"elementor-heading-title elementor-size-default\">Human dignity<\/h2>\t\t\t\t<\/div>\n\t\t\t\t<\/div>\n\t\t\t\t<div class=\"elementor-element elementor-element-4efbf3f4 elementor-widget elementor-widget-text-editor\" data-id=\"4efbf3f4\" data-element_type=\"widget\" data-e-type=\"widget\" data-widget_type=\"text-editor.default\">\n\t\t\t\t<div class=\"elementor-widget-container\">\n\t\t\t\t\t\t\t\t\t<p>\u00abWhat I am after isnt flexible bodies , but flexible brains. What I am after is to restore each person to their human dignity.\u00bb<\/p><p>Mosh\u00e9 Feldenkrais<\/p><p>For further information on Moshe Feldenkrais please see the following link Feldenkrais Method \u00ae \u2013 <a href=\"https:\/\/www.feldenkrais.ch\/feldenkrais-methode\/moshe-feldenkrais\/\" target=\"_blank\" rel=\"noopener\">SFV Swiss Feldenkrais Association<\/a>\u00a0among others.<\/p>\t\t\t\t\t\t\t\t<\/div>\n\t\t\t\t<\/div>\n\t\t\t\t\t<\/div>\n\t\t<\/div>\n\t\t\t\t\t<\/div>\n\t\t<\/section>\n\t\t\t\t<\/div>\n\t\t","protected":false},"excerpt":{"rendered":"<p>Mosh\u00e9 Feldenkrais and his method Mosh\u00e9 Feldenkrais 1904 (Slawuta, present day Ukraine) &#8211; 1984 (Tel Aviv, Israel)Dr. Mosh\u00e9 Feldenkrais, a trained physicist and engineer and first ever blackbelt judo master in the western world, developped his method over many years. It is based on his experiences in self defense and the overcoming of serious knee [&hellip;]<\/p>\n","protected":false},"author":1,"featured_media":0,"parent":0,"menu_order":0,"comment_status":"closed","ping_status":"closed","template":"elementor_header_footer","meta":{"footnotes":""},"class_list":["post-374","page","type-page","status-publish","hentry"],"_links":{"self":[{"href":"https:\/\/feldenkrais-tompkin.ch\/en\/wp-json\/wp\/v2\/pages\/374","targetHints":{"allow":["GET"]}}],"collection":[{"href":"https:\/\/feldenkrais-tompkin.ch\/en\/wp-json\/wp\/v2\/pages"}],"about":[{"href":"https:\/\/feldenkrais-tompkin.ch\/en\/wp-json\/wp\/v2\/types\/page"}],"author":[{"embeddable":true,"href":"https:\/\/feldenkrais-tompkin.ch\/en\/wp-json\/wp\/v2\/users\/1"}],"replies":[{"embeddable":true,"href":"https:\/\/feldenkrais-tompkin.ch\/en\/wp-json\/wp\/v2\/comments?post=374"}],"version-history":[{"count":28,"href":"https:\/\/feldenkrais-tompkin.ch\/en\/wp-json\/wp\/v2\/pages\/374\/revisions"}],"predecessor-version":[{"id":627,"href":"https:\/\/feldenkrais-tompkin.ch\/en\/wp-json\/wp\/v2\/pages\/374\/revisions\/627"}],"wp:attachment":[{"href":"https:\/\/feldenkrais-tompkin.ch\/en\/wp-json\/wp\/v2\/media?parent=374"}],"curies":[{"name":"wp","href":"https:\/\/api.w.org\/{rel}","templated":true}]}}